{"id":76,"date":"2023-02-28T16:57:44","date_gmt":"2023-02-28T16:57:44","guid":{"rendered":"http:\/\/localhost\/qeducato\/?page_id=76"},"modified":"2025-05-06T22:39:15","modified_gmt":"2025-05-06T22:39:15","slug":"sobre-nosotros","status":"publish","type":"page","link":"https:\/\/cambridge.edu.mx\/index.php\/sobre-nosotros\/","title":{"rendered":"Sobre nosotros"},"content":{"rendered":"\t\t<div data-elementor-type=\"wp-page\" data-elementor-id=\"76\" class=\"elementor elementor-76\">\n\t\t\t\t\t\t<section class=\"elementor-section elementor-top-section elementor-element elementor-element-637cbd5 elementor-section-full_width elementor-section-height-default elementor-section-height-default\" data-id=\"637cbd5\" data-element_type=\"section\" data-settings=\"{&quot;background_background&quot;:&quot;classic&quot;}\">\n\t\t\t\t\t\t<div class=\"elementor-container elementor-column-gap-no\">\n\t\t\t\t\t<div class=\"elementor-column elementor-col-100 elementor-top-column elementor-element elementor-element-ceafff8\" data-id=\"ceafff8\" data-element_type=\"column\">\n\t\t\t<div class=\"elementor-widget-wrap elementor-element-populated\">\n\t\t\t\t\t\t<div class=\"elementor-element elementor-element-29b3f9f elementor-widget elementor-widget-Elementor-about-widget\" data-id=\"29b3f9f\" data-element_type=\"widget\" data-widget_type=\"Elementor-about-widget.default\">\n\t\t\t\t<div class=\"elementor-widget-container\">\n\t\t\t\t\t <!-- about-area -->\n<section class=\"about-area about-p pt-120 pb-120 p-relative fix\">\n       <div class=\"animations-02\"><img decoding=\"async\" src=\"https:\/\/wpdemo.zcubethemes.com\/qeducato\/wp-content\/uploads\/2023\/02\/an-img-02.png\" alt=\"https:\/\/wpdemo.zcubethemes.com\/qeducato\/wp-content\/uploads\/2023\/02\/an-img-02.png\"><\/div>\n    <div class=\"container\">\n        <div class=\"row justify-content-center align-items-center\">\n             <div class=\"col-lg-6 col-md-12 col-sm-12\">\n                <div class=\"s-about-img p-relative  wow fadeInLeft animated\" data-animation=\"fadeInLeft\" data-delay=\".4s\">\n                     <img decoding=\"async\" src=\"https:\/\/cambridge.edu.mx\/wp-content\/uploads\/2025\/05\/Banner_InsCam25_2.png\" alt=\"https:\/\/cambridge.edu.mx\/wp-content\/uploads\/2025\/05\/Banner_InsCam25_2.png\">  \n                   <div class=\"about-text second-about three-about\">\n                       <span>42 <sub>+<\/sub><\/span>                                      <p>A\u00f1os de experiencia<\/p>                    <\/div>\n                <\/div>\n\n            <\/div>\n\n        <div class=\"col-lg-6 col-md-12 col-sm-12\">\n                <div class=\"about-content s-about-content pl-15 wow fadeInRight  animated\" data-animation=\"fadeInRight\" data-delay=\".4s\">\n                  <div class=\"about-title second-title pb-25\">  \n                        <h5><i class=\"fal fa-graduation-cap\"><\/i> Sobre nosotros<\/h5>\n                         <h2>Instituto Cambridge<\/h2>                         \n                    <\/div>\n                       <p class=\"txt-clr\">Nuestro instituto te ofrece Secundaria y Bachillerato T\u00e9cnico, contando con cuatro diferentes especialidades: Administraci\u00f3n, Programaci\u00f3n, Puericultura y Pr\u00f3tesis Dental. Todos nuestros estudios cuentan con validez oficial, estamos incorporados a la SEP en nivel secundaria y a la DGETI en nivel Bachillerato. Contamos con un sistema escolarizado personalizado en turno matutino.<\/p>\n                                   \n                                                          <p>Tenemos maestros especializados dispuestos a resolver tus dudas enriqueciendo tu conocimiento y tu iniciativa por aprender.\n<br>\n<br>\nSomos tu mejor opci\u00f3n, comienza a crear tu futuro hoy, INSCRIPCIONES ABIERTAS \u00a1VEN A CONOCERNOS! \n<br>\n<br>\nNuestras oficinas est\u00e1n abiertas de 8 de la ma\u00f1ana a 4 de la tarde de Lunes a Viernes y S\u00e1bados de 8 am a 12 pm \u00a1NO CERRAMOS POR VACACIONES! Ven y comprueba la diferencia.<\/p> \n\n                <\/div>\n            <\/div>\n\n        <\/div>\n    <\/div>\n<\/section>\n<!-- about-area-end -->\t\t\t\t<\/div>\n\t\t\t\t<\/div>\n\t\t\t\t\t<\/div>\n\t\t<\/div>\n\t\t\t\t\t<\/div>\n\t\t<\/section>\n\t\t\t\t<section class=\"elementor-section elementor-top-section elementor-element elementor-element-700c59b elementor-section-full_width elementor-section-height-default elementor-section-height-default\" data-id=\"700c59b\" data-element_type=\"section\" data-settings=\"{&quot;background_background&quot;:&quot;classic&quot;}\">\n\t\t\t\t\t\t<div class=\"elementor-container elementor-column-gap-no\">\n\t\t\t\t\t<div class=\"elementor-column elementor-col-100 elementor-top-column elementor-element elementor-element-5db6580\" data-id=\"5db6580\" data-element_type=\"column\">\n\t\t\t<div class=\"elementor-widget-wrap elementor-element-populated\">\n\t\t\t\t\t\t<div class=\"elementor-element elementor-element-d7c85d1 elementor-widget elementor-widget-Elementor-about-widget\" data-id=\"d7c85d1\" data-element_type=\"widget\" data-widget_type=\"Elementor-about-widget.default\">\n\t\t\t\t<div class=\"elementor-widget-container\">\n\t\t\t\t\t\n<!-- steps-area -->\n<section class=\"steps-area2 p-relative fix\">\n    <div class=\"animations-02\"><img decoding=\"async\" src=\"https:\/\/wpdemo.zcubethemes.com\/qeducato\/wp-content\/uploads\/2023\/02\/an-img-02.png\" alt=\"https:\/\/wpdemo.zcubethemes.com\/qeducato\/wp-content\/uploads\/2023\/02\/an-img-02.png\"><\/div>\n    <div class=\"container\">\n\n        <div class=\"row align-items-center\">\n            <div class=\"col-lg-6 col-md-12\">\n                <div class=\"step-box step-box2 wow fadeInUp animated\" data-animation=\"fadeInUp\" data-delay=\".4s\">\n                    <div class=\"dnumber\">\n                        <div class=\"date-box\"> <img decoding=\"async\" src=\"https:\/\/wpdemo.zcubethemes.com\/qeducato\/wp-content\/uploads\/2023\/03\/fea-icon01-1.png\" alt=\"https:\/\/wpdemo.zcubethemes.com\/qeducato\/wp-content\/uploads\/2023\/03\/fea-icon01-1.png\"> <\/div> \n                    <\/div>\n                    <div class=\"text\">\n                       <h2>Valores<\/h2> \n                        <p>Disciplina, orden y responsabilidad son los valores m\u00e1s importantes que fomentamos en el Instituto Cambridge, nos esforzamos por integrarlos a nuestros estudiantes en una sana convivencia. <\/p>                    <\/div>\n                <\/div>\n            <\/div>\n            <div class=\"col-lg-6 col-md-12\">\n                <div class=\"step-img2 wow fadeInLeft animated\" data-animation=\"fadeInLeft\" data-delay=\".4s\">\n                    <img decoding=\"async\" src=\"https:\/\/cambridge.edu.mx\/wp-content\/uploads\/2025\/05\/F_InsCamb_9.jpg\" alt=\"https:\/\/cambridge.edu.mx\/wp-content\/uploads\/2025\/05\/F_InsCamb_9.jpg\">  \n                <\/div>\n\n            <\/div>\n\n\n\n        <\/div>\n\n    <\/div>\n<\/section>\n<!-- steps-area-end -->\t\t\t\t<\/div>\n\t\t\t\t<\/div>\n\t\t\t\t\t<\/div>\n\t\t<\/div>\n\t\t\t\t\t<\/div>\n\t\t<\/section>\n\t\t\t\t<section class=\"elementor-section elementor-top-section elementor-element elementor-element-dfe4449 elementor-section-full_width elementor-section-height-default elementor-section-height-default\" data-id=\"dfe4449\" data-element_type=\"section\" data-settings=\"{&quot;background_background&quot;:&quot;classic&quot;}\">\n\t\t\t\t\t\t<div class=\"elementor-container elementor-column-gap-no\">\n\t\t\t\t\t<div class=\"elementor-column elementor-col-100 elementor-top-column elementor-element elementor-element-0fdb81a\" data-id=\"0fdb81a\" data-element_type=\"column\">\n\t\t\t<div class=\"elementor-widget-wrap elementor-element-populated\">\n\t\t\t\t\t\t<div class=\"elementor-element elementor-element-bf7f455 elementor-widget elementor-widget-Elementor-about-widget\" data-id=\"bf7f455\" data-element_type=\"widget\" data-widget_type=\"Elementor-about-widget.default\">\n\t\t\t\t<div class=\"elementor-widget-container\">\n\t\t\t\t\t<!-- steps-area -->\n<section class=\"steps-area2 p-relative fix\">\n    <div class=\"animations-02\"><img decoding=\"async\" src=\"https:\/\/wpdemo.zcubethemes.com\/qeducato\/wp-content\/uploads\/2023\/03\/an-img-20.png\" alt=\"https:\/\/wpdemo.zcubethemes.com\/qeducato\/wp-content\/uploads\/2023\/03\/an-img-20.png\"><\/div>\n    <div class=\"container\">\n\n        <div class=\"row align-items-center\">\n             <div class=\"col-lg-6 col-md-12\">\n                <div class=\"step-img3 wow fadeInLeft animated\" data-animation=\"fadeInLeft\" data-delay=\".4s\">\n                    <img decoding=\"async\" src=\"https:\/\/cambridge.edu.mx\/wp-content\/uploads\/2024\/06\/Instalaciones_1.png\" alt=\"https:\/\/cambridge.edu.mx\/wp-content\/uploads\/2024\/06\/Instalaciones_1.png\">  \n                <\/div>\n\n            <\/div>\n            <div class=\"col-lg-6 col-md-12\">\n                <div class=\"step-box step-box3 wow fadeInUp animated\" data-animation=\"fadeInUp\" data-delay=\".4s\">\n                    <div class=\"dnumber\">\n                        <div class=\"date-box\"> <img decoding=\"async\" src=\"https:\/\/wpdemo.zcubethemes.com\/qeducato\/wp-content\/uploads\/2023\/03\/fea-icon03.png\" alt=\"https:\/\/wpdemo.zcubethemes.com\/qeducato\/wp-content\/uploads\/2023\/03\/fea-icon03.png\"> <\/div> \n                    <\/div>\n                    <div class=\"text\">\n                       <h2>Instalaciones<\/h2> \n                        <p>Nuestras instalaciones son amplias, c\u00f3modas y coloniales para que disfrutes al m\u00e1ximo el centro de Quer\u00e9taro. Salones audiovisuales y de computaci\u00f3n, \u00e1reas de esparcimiento y recreaci\u00f3n, biblioteca y laboratorios equipados para enriquecer tu experiencia.<\/p>                    <\/div>\n                <\/div>\n            <\/div>\n        <\/div>\n\n    <\/div>\n<\/section>\n<!-- steps-area-end -->\t\t\t\t<\/div>\n\t\t\t\t<\/div>\n\t\t\t\t\t<\/div>\n\t\t<\/div>\n\t\t\t\t\t<\/div>\n\t\t<\/section>\n\t\t\t\t<section class=\"elementor-section elementor-top-section elementor-element elementor-element-ea5c919 elementor-section-full_width elementor-section-height-default elementor-section-height-default\" data-id=\"ea5c919\" data-element_type=\"section\" data-settings=\"{&quot;background_background&quot;:&quot;classic&quot;}\">\n\t\t\t\t\t\t<div class=\"elementor-container elementor-column-gap-no\">\n\t\t\t\t\t<div class=\"elementor-column elementor-col-100 elementor-top-column elementor-element elementor-element-a2aa1ea\" data-id=\"a2aa1ea\" data-element_type=\"column\">\n\t\t\t<div class=\"elementor-widget-wrap elementor-element-populated\">\n\t\t\t\t\t\t<div class=\"elementor-element elementor-element-88d5858 elementor-widget elementor-widget-Elementor-about-widget\" data-id=\"88d5858\" data-element_type=\"widget\" data-widget_type=\"Elementor-about-widget.default\">\n\t\t\t\t<div class=\"elementor-widget-container\">\n\t\t\t\t\t\n<!-- steps-area -->\n<section class=\"steps-area2 p-relative fix\">\n    <div class=\"animations-02\"><img decoding=\"async\" src=\"https:\/\/wpdemo.zcubethemes.com\/qeducato\/wp-content\/uploads\/2023\/02\/an-img-02.png\" alt=\"https:\/\/wpdemo.zcubethemes.com\/qeducato\/wp-content\/uploads\/2023\/02\/an-img-02.png\"><\/div>\n    <div class=\"container\">\n\n        <div class=\"row align-items-center\">\n            <div class=\"col-lg-6 col-md-12\">\n                <div class=\"step-box step-box2 wow fadeInUp animated\" data-animation=\"fadeInUp\" data-delay=\".4s\">\n                    <div class=\"dnumber\">\n                        <div class=\"date-box\"> <img decoding=\"async\" src=\"https:\/\/wpdemo.zcubethemes.com\/qeducato\/wp-content\/uploads\/2023\/03\/fea-icon01-1.png\" alt=\"https:\/\/wpdemo.zcubethemes.com\/qeducato\/wp-content\/uploads\/2023\/03\/fea-icon01-1.png\"> <\/div> \n                    <\/div>\n                    <div class=\"text\">\n                       <h2>Talleres<\/h2> \n                        <p>El Instituto Cambridge tiene para ti algunos talleres gratuitos de: Baile, teatro, m\u00fasica y Taekwondo para secundaria y Bachillerato. En un ambiente de respeto y compa\u00f1erismo \u00a1Ven a conocernos!<\/p>                    <\/div>\n                <\/div>\n            <\/div>\n            <div class=\"col-lg-6 col-md-12\">\n                <div class=\"step-img2 wow fadeInLeft animated\" data-animation=\"fadeInLeft\" data-delay=\".4s\">\n                    <img decoding=\"async\" src=\"https:\/\/cambridge.edu.mx\/wp-content\/uploads\/2024\/07\/Act_2.png\" alt=\"https:\/\/cambridge.edu.mx\/wp-content\/uploads\/2024\/07\/Act_2.png\">  \n                <\/div>\n\n            <\/div>\n\n\n\n        <\/div>\n\n    <\/div>\n<\/section>\n<!-- steps-area-end -->\t\t\t\t<\/div>\n\t\t\t\t<\/div>\n\t\t\t\t\t<\/div>\n\t\t<\/div>\n\t\t\t\t\t<\/div>\n\t\t<\/section>\n\t\t\t\t<section class=\"elementor-section elementor-top-section elementor-element elementor-element-cb6266e elementor-section-full_width elementor-section-height-default elementor-section-height-default\" data-id=\"cb6266e\" data-element_type=\"section\">\n\t\t\t\t\t\t<div class=\"elementor-container elementor-column-gap-no\">\n\t\t\t\t\t<div class=\"elementor-column elementor-col-100 elementor-top-column elementor-element elementor-element-53464ac\" data-id=\"53464ac\" data-element_type=\"column\">\n\t\t\t<div class=\"elementor-widget-wrap elementor-element-populated\">\n\t\t\t\t\t\t<div class=\"elementor-element elementor-element-2047557 elementor-widget elementor-widget-Elementor-new-testimonial\" data-id=\"2047557\" data-element_type=\"widget\" data-widget_type=\"Elementor-new-testimonial.default\">\n\t\t\t\t<div class=\"elementor-widget-container\">\n\t\t\t\t\t <!-- testimonial-area -->\r\n<section class=\"testimonial-area pt-120 pb-115 p-relative fix\">\r\n      <div class=\"animations-01\"><img decoding=\"async\" src=\"https:\/\/wpdemo.zcubethemes.com\/qeducato\/wp-content\/uploads\/2023\/02\/an-img-03.png\" alt=\"https:\/\/wpdemo.zcubethemes.com\/qeducato\/wp-content\/uploads\/2023\/02\/an-img-03.png\"><\/div>\r\n    <div class=\"animations-02\"><img decoding=\"async\" src=\"https:\/\/wpdemo.zcubethemes.com\/qeducato\/wp-content\/uploads\/2023\/03\/an-img-04.png\" alt=\"https:\/\/wpdemo.zcubethemes.com\/qeducato\/wp-content\/uploads\/2023\/03\/an-img-04.png\"><\/div>\r\n    <div class=\"container\">\r\n        <div class=\"row\">\r\n            <div class=\"col-lg-12\">\r\n                <div class=\"section-title text-center mb-50 wow fadeInDown animated\" data-animation=\"fadeInDown\" data-delay=\".4s\">\r\n                    <h5><i class=\"fal fa-graduation-cap\"><\/i> Testimoniales<\/h5>\r\n                    <h2>\r\n                        Ellos conf\u00edan en nosotros                    <\/h2>\r\n\r\n                <\/div>\r\n\r\n            <\/div>\r\n\r\n            <div class=\"col-lg-12\">\r\n                <div class=\"testimonial-active wow fadeInUp animated\" data-animation=\"fadeInUp\" data-delay=\".4s\">\r\n                                                            <div class=\"single-testimonial text-center\">\r\n                         <div class=\"qt-img\">\r\n                        <img decoding=\"async\" src=\"https:\/\/wpdemo.zcubethemes.com\/qeducato\/wp-content\/uploads\/2023\/03\/qt-icon.png\" alt=\"https:\/\/wpdemo.zcubethemes.com\/qeducato\/wp-content\/uploads\/2023\/03\/qt-icon.png\">\r\n                        <\/div>\r\n                         <p>Yo estudi\u00e9 en el Instituto Cambridge y estoy orgulloso que mis hijos est\u00e9n ahora estudiando ah\u00ed.<\/p>                 \r\n                        <div class=\"testi-author\">\r\n                            <img decoding=\"async\" src=\"\" alt=\"\">\r\n                        <\/div>\r\n                        <div class=\"ta-info\">\r\n                               <h6>Pedro<\/h6>\r\n                                <span>Padre<\/span>\r\n                            <\/div>                                    \r\n                    <\/div>\r\n                                        <div class=\"single-testimonial text-center\">\r\n                         <div class=\"qt-img\">\r\n                        <img decoding=\"async\" src=\"https:\/\/wpdemo.zcubethemes.com\/qeducato\/wp-content\/uploads\/2023\/03\/qt-icon.png\" alt=\"https:\/\/wpdemo.zcubethemes.com\/qeducato\/wp-content\/uploads\/2023\/03\/qt-icon.png\">\r\n                        <\/div>\r\n                         <p>Recomiendo al Instituto Cambridge, me form\u00f3 con valores y me hizo sentir parte de una gran familia, estoy agradecida con la escuela.<\/p>                 \r\n                        <div class=\"testi-author\">\r\n                            <img decoding=\"async\" src=\"\" alt=\"\">\r\n                        <\/div>\r\n                        <div class=\"ta-info\">\r\n                               <h6>Lic. Gabriela Flores<\/h6>\r\n                                <span>Egresada<\/span>\r\n                            <\/div>                                    \r\n                    <\/div>\r\n                                        <div class=\"single-testimonial text-center\">\r\n                         <div class=\"qt-img\">\r\n                        <img decoding=\"async\" src=\"https:\/\/wpdemo.zcubethemes.com\/qeducato\/wp-content\/uploads\/2023\/03\/qt-icon.png\" alt=\"https:\/\/wpdemo.zcubethemes.com\/qeducato\/wp-content\/uploads\/2023\/03\/qt-icon.png\">\r\n                        <\/div>\r\n                         <p>Me divierto mucho con mis compa\u00f1eros de clase y me encanta el TaekwonDo, el ambiente es muy agradable.<\/p>                 \r\n                        <div class=\"testi-author\">\r\n                            <img decoding=\"async\" src=\"\" alt=\"\">\r\n                        <\/div>\r\n                        <div class=\"ta-info\">\r\n                               <h6>Jorge<\/h6>\r\n                                <span>Estudiante<\/span>\r\n                            <\/div>                                    \r\n                    <\/div>\r\n                                        <div class=\"single-testimonial text-center\">\r\n                         <div class=\"qt-img\">\r\n                        <img decoding=\"async\" src=\"https:\/\/wpdemo.zcubethemes.com\/qeducato\/wp-content\/uploads\/2023\/03\/qt-icon.png\" alt=\"https:\/\/wpdemo.zcubethemes.com\/qeducato\/wp-content\/uploads\/2023\/03\/qt-icon.png\">\r\n                        <\/div>\r\n                         <p>Me gusta mucho la manera de trabajar de los maestros y he notado un gran avance acad\u00e9mico en mi hijo.<\/p>                 \r\n                        <div class=\"testi-author\">\r\n                            <img decoding=\"async\" src=\"\" alt=\"\">\r\n                        <\/div>\r\n                        <div class=\"ta-info\">\r\n                               <h6>Lupita<\/h6>\r\n                                <span>Madre<\/span>\r\n                            <\/div>                                    \r\n                    <\/div>\r\n                      \r\n\r\n                <\/div>\r\n            <\/div>\r\n        <\/div>\r\n    <\/div>\r\n<\/section>\r\n<!-- testimonial-area-end -->\t\t\t\t<\/div>\n\t\t\t\t<\/div>\n\t\t\t\t\t<\/div>\n\t\t<\/div>\n\t\t\t\t\t<\/div>\n\t\t<\/section>\n\t\t\t\t<\/div>\n\t\t","protected":false},"excerpt":{"rendered":"","protected":false},"author":1,"featured_media":0,"parent":0,"menu_order":0,"comment_status":"closed","ping_status":"closed","template":"inside.php","meta":{"_monsterinsights_skip_tracking":false,"_monsterinsights_sitenote_active":false,"_monsterinsights_sitenote_note":"","_monsterinsights_sitenote_category":0,"_joinchat":[],"footnotes":""},"class_list":["post-76","page","type-page","status-publish","hentry"],"aioseo_notices":[],"_links":{"self":[{"href":"https:\/\/cambridge.edu.mx\/index.php\/wp-json\/wp\/v2\/pages\/76","targetHints":{"allow":["GET"]}}],"collection":[{"href":"https:\/\/cambridge.edu.mx\/index.php\/wp-json\/wp\/v2\/pages"}],"about":[{"href":"https:\/\/cambridge.edu.mx\/index.php\/wp-json\/wp\/v2\/types\/page"}],"author":[{"embeddable":true,"href":"https:\/\/cambridge.edu.mx\/index.php\/wp-json\/wp\/v2\/users\/1"}],"replies":[{"embeddable":true,"href":"https:\/\/cambridge.edu.mx\/index.php\/wp-json\/wp\/v2\/comments?post=76"}],"version-history":[{"count":37,"href":"https:\/\/cambridge.edu.mx\/index.php\/wp-json\/wp\/v2\/pages\/76\/revisions"}],"predecessor-version":[{"id":3555,"href":"https:\/\/cambridge.edu.mx\/index.php\/wp-json\/wp\/v2\/pages\/76\/revisions\/3555"}],"wp:attachment":[{"href":"https:\/\/cambridge.edu.mx\/index.php\/wp-json\/wp\/v2\/media?parent=76"}],"curies":[{"name":"wp","href":"https:\/\/api.w.org\/{rel}","templated":true}]}}