{"id":2960,"date":"2024-06-16T00:43:18","date_gmt":"2024-06-16T00:43:18","guid":{"rendered":"https:\/\/testing.respaldosdominos.com\/?page_id=2960"},"modified":"2025-04-29T00:50:36","modified_gmt":"2025-04-29T00:50:36","slug":"inscripciones","status":"publish","type":"page","link":"https:\/\/cambridge.edu.mx\/index.php\/inscripciones\/","title":{"rendered":"Inscripciones"},"content":{"rendered":"\t\t<div data-elementor-type=\"wp-page\" data-elementor-id=\"2960\" class=\"elementor elementor-2960\">\n\t\t\t\t\t\t<section class=\"elementor-section elementor-top-section elementor-element elementor-element-cdc11e2 elementor-section-full_width elementor-section-height-default elementor-section-height-default\" data-id=\"cdc11e2\" data-element_type=\"section\">\n\t\t\t\t\t\t<div class=\"elementor-container elementor-column-gap-no\">\n\t\t\t\t\t<div class=\"elementor-column elementor-col-100 elementor-top-column elementor-element elementor-element-d2a9b50\" data-id=\"d2a9b50\" data-element_type=\"column\">\n\t\t\t<div class=\"elementor-widget-wrap elementor-element-populated\">\n\t\t\t\t\t\t<div class=\"elementor-element elementor-element-3a8b02b elementor-widget elementor-widget-Elementor_faq_two\" data-id=\"3a8b02b\" data-element_type=\"widget\" data-widget_type=\"Elementor_faq_two.default\">\n\t\t\t\t<div class=\"elementor-widget-container\">\n\t\t\t\t\t\r\n<!-- frequently-area -->\r\n<section class=\"faq-area pt-120 pb-120 p-relative fix\">\r\n    <div class=\"animations-10\"><img decoding=\"async\" src=\"https:\/\/wpdemo.zcubethemes.com\/qeducato\/wp-content\/uploads\/2023\/03\/an-img-04.png\" alt=\"https:\/\/wpdemo.zcubethemes.com\/qeducato\/wp-content\/uploads\/2023\/03\/an-img-04.png\"><\/div>\r\n    <div class=\"animations-08\"><img decoding=\"async\" src=\"https:\/\/wpdemo.zcubethemes.com\/qeducato\/wp-content\/uploads\/2023\/03\/an-img-05.png\" alt=\"https:\/\/wpdemo.zcubethemes.com\/qeducato\/wp-content\/uploads\/2023\/03\/an-img-05.png\"><\/div>\r\n    <div class=\"container\">\r\n        <div class=\"row\">\r\n\r\n            <div class=\"col-lg-7\">\r\n                <div class=\"section-title wow fadeInLeft animated\" data-animation=\"fadeInDown animated\" data-delay=\".2s\">\r\n                    <h2>\u00a1Inscripciones abiertas!<\/h2>\r\n                    <p>Somos Instituto Cambdrige, tenemos m\u00e1s de 45 a\u00f1os de experiencia y contamos con planes de estudios incorporado a la SEP y a la DGETI. <\/p>\r\n                <\/div>\r\n                   <div class=\"faq-wrap mt-30 pr-30 wow fadeInUp animated\" data-animation=\"fadeInUp\" data-delay=\".4s\">\r\n                    <div class=\"accordion\" id=\"accordionExample\">\r\n                                                    \r\n                            <div class=\"card\">\r\n                                <div class=\"card-header\">\r\n                                    <h2 class=\"mb-0\">\r\n                                        <button class=\"faq-btn \" type=\"button\" data-bs-toggle=\"collapse\"\r\n                                            data-bs-target=\"#one\"  >\r\n                                            Requisitos de inscripci\u00f3n                                        <\/button>\r\n                                    <\/h2>\r\n                                <\/div>\r\n                                <div id=\"one\" class=\"collapse show\" data-bs-parent=\"#accordionExample\">\r\n                                    <div class=\"card-body\">\r\n                                       1. Acta de Nacimiento Original\n<br>2. Certificado Original\n<br>3. Fotografias tama\u00f1o infantil\n<br>4. Copia de CURP\n<br>\u274c No pedimos promedio m\u00ednimo ni hacemos examen de admisi\u00f3n                                    <\/div>\r\n                                <\/div>\r\n                            <\/div>\r\n                                \r\n                            <div class=\"card\">\r\n                                <div class=\"card-header\">\r\n                                    <h2 class=\"mb-0\">\r\n                                        <button class=\"faq-btn \" type=\"button\" data-bs-toggle=\"collapse\"\r\n                                            data-bs-target=\"#one\"  >\r\n                                            Colegiaturas y costos de inscripci\u00f3n                                        <\/button>\r\n                                    <\/h2>\r\n                                <\/div>\r\n                                <div id=\"one\" class=\"collapse show\" data-bs-parent=\"#accordionExample\">\r\n                                    <div class=\"card-body\">\r\n                                       SECUNDARIA\n<BR>\nInscripci\u00f3n $5,000\n<BR>\nColegiatura $2,400 \n<BR>\n<BR>\nBACHILLERATO\n<BR>\nInscripci\u00f3n $3,000\n<BR>\nColegiaturas desde $1,900                                     <\/div>\r\n                                <\/div>\r\n                            <\/div>\r\n                                \r\n                            <div class=\"card\">\r\n                                <div class=\"card-header\">\r\n                                    <h2 class=\"mb-0\">\r\n                                        <button class=\"faq-btn collapsed\" type=\"button\" data-bs-toggle=\"collapse\"\r\n                                            data-bs-target=\"#two\"  >\r\n                                            Ubicaci\u00f3n del Instituto                                        <\/button>\r\n                                    <\/h2>\r\n                                <\/div>\r\n                                <div id=\"two\" class=\"collapse \" data-bs-parent=\"#accordionExample\">\r\n                                    <div class=\"card-body\">\r\n                                       16 de Septiembre #106 Ote., Colonia Centro, Quer\u00e9taro, QRO.                                     <\/div>\r\n                                <\/div>\r\n                            <\/div>\r\n                                \r\n                            <div class=\"card\">\r\n                                <div class=\"card-header\">\r\n                                    <h2 class=\"mb-0\">\r\n                                        <button class=\"faq-btn collapsed\" type=\"button\" data-bs-toggle=\"collapse\"\r\n                                            data-bs-target=\"#three\"  >\r\n                                            Horario                                        <\/button>\r\n                                    <\/h2>\r\n                                <\/div>\r\n                                <div id=\"three\" class=\"collapse \" data-bs-parent=\"#accordionExample\">\r\n                                    <div class=\"card-body\">\r\n                                       - Secundaria horario matutino de lunes a viernes 7am a 3pm.\n<br>- Bachillerato horario matutino de lunes a viernes 7am a 2pm.                                    <\/div>\r\n                                <\/div>\r\n                            <\/div>\r\n                                \r\n                            <div class=\"card\">\r\n                                <div class=\"card-header\">\r\n                                    <h2 class=\"mb-0\">\r\n                                        <button class=\"faq-btn collapsed\" type=\"button\" data-bs-toggle=\"collapse\"\r\n                                            data-bs-target=\"#four\"  >\r\n                                            Actividades art\u00edsticas y deportivas                                        <\/button>\r\n                                    <\/h2>\r\n                                <\/div>\r\n                                <div id=\"four\" class=\"collapse \" data-bs-parent=\"#accordionExample\">\r\n                                    <div class=\"card-body\">\r\n                                       Tus hijos podr\u00e1n complementar su educaci\u00f3n con materias y actividades como Baile, Teatro, Taekwondo y M\u00fasica.                                    <\/div>\r\n                                <\/div>\r\n                            <\/div>\r\n                                \r\n                            <div class=\"card\">\r\n                                <div class=\"card-header\">\r\n                                    <h2 class=\"mb-0\">\r\n                                        <button class=\"faq-btn collapsed\" type=\"button\" data-bs-toggle=\"collapse\"\r\n                                            data-bs-target=\"#four\"  >\r\n                                            Carreras t\u00e9cnicas                                        <\/button>\r\n                                    <\/h2>\r\n                                <\/div>\r\n                                <div id=\"four\" class=\"collapse \" data-bs-parent=\"#accordionExample\">\r\n                                    <div class=\"card-body\">\r\n                                       Tus hijos podr\u00e1n complementar su educaci\u00f3n con estudios t\u00e9cnicos en:\n<br>- Administraci\u00f3n\n<br>- Programaci\u00f3n\n<br>- Puericultura\n<br>- Pr\u00f3tesis dental\n<br>\nAdem\u00e1s todas nuestras especialidades llevan ingl\u00e9s y computaci\u00f3n. Tambi\u00e9n pueden elegir entre uno de nuestros talleres de baile, teatro, taekwondo y m\u00fasica.                                    <\/div>\r\n                                <\/div>\r\n                            <\/div>\r\n                               \r\n                    <\/div>\r\n                <\/div>               \r\n            <\/div>\r\n            <div class=\"col-lg-5\">\r\n                <div class=\"contact-bg02\">\r\n                <div class=\"section-title wow fadeInDown animated\" data-animation=\"fadeInDown\" data-delay=\".4s\">\r\n                    <h2>\r\n                     Cont\u00e1ctanos                    <\/h2>\r\n\r\n                <\/div>\r\n\r\n                <div class=\"contact-form mt-30 wow fadeInUp animated\" data-animation=\"fadeInUp\" data-delay=\".4s\">\r\n                 \n<div class=\"wpcf7 no-js\" id=\"wpcf7-f210-o1\" lang=\"en-US\" dir=\"ltr\" data-wpcf7-id=\"210\">\n<div class=\"screen-reader-response\"><p role=\"status\" aria-live=\"polite\" aria-atomic=\"true\"><\/p> <ul><\/ul><\/div>\n<form action=\"\/index.php\/wp-json\/wp\/v2\/pages\/2960#wpcf7-f210-o1\" method=\"post\" class=\"wpcf7-form init\" aria-label=\"Contact form\" novalidate=\"novalidate\" data-status=\"init\">\n<div style=\"display: none;\">\n<input type=\"hidden\" name=\"_wpcf7\" value=\"210\" \/>\n<input type=\"hidden\" name=\"_wpcf7_version\" value=\"6.0.6\" \/>\n<input type=\"hidden\" name=\"_wpcf7_locale\" value=\"en_US\" \/>\n<input type=\"hidden\" name=\"_wpcf7_unit_tag\" value=\"wpcf7-f210-o1\" \/>\n<input type=\"hidden\" name=\"_wpcf7_container_post\" value=\"0\" \/>\n<input type=\"hidden\" name=\"_wpcf7_posted_data_hash\" value=\"\" \/>\n<\/div>\n<div class=\"row\">\n\t<div class=\"col-lg-12\">\n\t\t<div class=\"contact-field p-relative c-name mb-20\">\n\t\t\t<p><span class=\"wpcf7-form-control-wrap\" data-name=\"YourName\"><input size=\"40\" maxlength=\"400\" class=\"wpcf7-form-control wpcf7-text wpcf7-validates-as-required\" aria-required=\"true\" aria-invalid=\"false\" placeholder=\"Nombre\" value=\"\" type=\"text\" name=\"YourName\" \/><\/span>\n\t\t\t<\/p>\n\t\t<\/div>\n\t<\/div>\n\t<div class=\"col-lg-12\">\n\t\t<div class=\"contact-field p-relative c-subject mb-20\">\n\t\t\t<p><span class=\"wpcf7-form-control-wrap\" data-name=\"youremail\"><input size=\"40\" maxlength=\"400\" class=\"wpcf7-form-control wpcf7-text wpcf7-validates-as-required\" aria-required=\"true\" aria-invalid=\"false\" placeholder=\"Correo electr\u00f3nico\" value=\"\" type=\"text\" name=\"youremail\" \/><\/span>\n\t\t\t<\/p>\n\t\t<\/div>\n\t<\/div>\n\t<div class=\"col-lg-12\">\n\t\t<div class=\"contact-field p-relative c-subject mb-20\">\n\t\t\t<p><span class=\"wpcf7-form-control-wrap\" data-name=\"yourphone\"><input size=\"40\" maxlength=\"400\" class=\"wpcf7-form-control wpcf7-text wpcf7-validates-as-required\" aria-required=\"true\" aria-invalid=\"false\" placeholder=\"Tel\u00e9fono de contacto\" value=\"\" type=\"text\" name=\"yourphone\" \/><\/span>\n\t\t\t<\/p>\n\t\t<\/div>\n\t<\/div>\n\t<div class=\"col-lg-12\">\n\t\t<div class=\"contact-field p-relative c-message mb-30\">\n\t\t\t<p><span class=\"wpcf7-form-control-wrap\" data-name=\"textarea-952\"><textarea cols=\"40\" rows=\"10\" maxlength=\"2000\" class=\"wpcf7-form-control wpcf7-textarea wpcf7-validates-as-required\" aria-required=\"true\" aria-invalid=\"false\" placeholder=\"Escriba sus pregunta, duda o comentario...\" name=\"textarea-952\"><\/textarea><\/span>\n\t\t\t<\/p>\n\t\t<\/div>\n\t\t<div class=\"slider-btn\">\n\t\t\t<p><button class=\"btn ss-btn\" data-animation=\"fadeInRight\" data-delay=\".8s\"><span>Enviar mensaje<\/span> <i class=\"fal fa-long-arrow-right\"><\/i><\/button>\n\t\t\t<\/p>\n\t\t<\/div>\n\t<\/div>\n<\/div><div class=\"wpcf7-response-output\" aria-hidden=\"true\"><\/div>\n<\/form>\n<\/div>\n                <\/div>\r\n\r\n                <\/div>\r\n            <\/div>\r\n        <\/div>\r\n    <\/div>\r\n<\/section>\r\n<!-- frequently-area-end -->\t\r\n\r\n\t\t\t\t<\/div>\n\t\t\t\t<\/div>\n\t\t\t\t\t<\/div>\n\t\t<\/div>\n\t\t\t\t\t<\/div>\n\t\t<\/section>\n\t\t\t\t<section class=\"elementor-section elementor-top-section elementor-element elementor-element-d4ce8b0 elementor-section-full_width elementor-section-height-default elementor-section-height-default\" data-id=\"d4ce8b0\" data-element_type=\"section\">\n\t\t\t\t\t\t<div class=\"elementor-container elementor-column-gap-no\">\n\t\t\t\t\t<div class=\"elementor-column elementor-col-100 elementor-top-column elementor-element elementor-element-026634b\" data-id=\"026634b\" data-element_type=\"column\">\n\t\t\t<div class=\"elementor-widget-wrap elementor-element-populated\">\n\t\t\t\t\t\t<div class=\"elementor-element elementor-element-b2b630b elementor-widget elementor-widget-Elementor-scholarship-widget\" data-id=\"b2b630b\" data-element_type=\"widget\" data-widget_type=\"Elementor-scholarship-widget.default\">\n\t\t\t\t<div class=\"elementor-widget-container\">\n\t\t\t\t\t<!-- cta-area -->\r\n<section class=\"cta-area cta-bg pt-50 pb-50\" style=\"background-image:url(https:\/\/wpdemo.zcubethemes.com\/qeducato\/wp-content\/uploads\/2023\/03\/cta_bg02.png)\">\r\n    <div class=\"container\">\r\n        <div class=\"row justify-content-center\">\r\n            <div class=\"col-lg-8\">\r\n                <div class=\"section-title cta-title wow fadeInLeft animated\" data-animation=\"fadeInDown animated\" data-delay=\".2s\">\r\n                     <h2>Comun\u00edcate con nosotros<\/h2>                \r\n                      <p> Estaremos encantados de atender sus dudas, preguntas o comentarios... \u00a1Te esperamos!<\/p>\r\n                <\/div>\r\n\r\n            <\/div>\r\n            <div class=\"col-lg-4 text-right\"> \r\n                <div class=\"cta-btn s-cta-btn wow fadeInRight animated mt-30\" data-animation=\"fadeInDown animated\" data-delay=\".2s\">\r\n                   <a href=\"https:\/\/wa.link\/ttnlbl\" class=\"btn ss-btn smoth-scroll\">Enviar mensaje <i class=\"fal fa-long-arrow-right\"><\/i><\/a>\t\r\n                <\/div>\r\n            <\/div>\r\n\r\n        <\/div>\r\n    <\/div>\r\n<\/section>\r\n<!-- cta-area-end -->\t\t\t\t\t<\/div>\n\t\t\t\t<\/div>\n\t\t\t\t\t<\/div>\n\t\t<\/div>\n\t\t\t\t\t<\/div>\n\t\t<\/section>\n\t\t\t\t<section class=\"elementor-section elementor-top-section elementor-element elementor-element-ba3333a elementor-section-full_width elementor-section-height-default elementor-section-height-default\" data-id=\"ba3333a\" data-element_type=\"section\">\n\t\t\t\t\t\t<div class=\"elementor-container elementor-column-gap-no\">\n\t\t\t\t\t<div class=\"elementor-column elementor-col-100 elementor-top-column elementor-element elementor-element-f5bbb9e\" data-id=\"f5bbb9e\" data-element_type=\"column\">\n\t\t\t<div class=\"elementor-widget-wrap elementor-element-populated\">\n\t\t\t\t\t\t<div class=\"elementor-element elementor-element-2e894a5 elementor-widget elementor-widget-Elementor-new-testimonial\" data-id=\"2e894a5\" data-element_type=\"widget\" data-widget_type=\"Elementor-new-testimonial.default\">\n\t\t\t\t<div class=\"elementor-widget-container\">\n\t\t\t\t\t <!-- testimonial-area -->\r\n<section class=\"testimonial-area pt-120 pb-115 p-relative fix\">\r\n      <div class=\"animations-01\"><img decoding=\"async\" src=\"https:\/\/wpdemo.zcubethemes.com\/qeducato\/wp-content\/uploads\/2023\/02\/an-img-03.png\" alt=\"https:\/\/wpdemo.zcubethemes.com\/qeducato\/wp-content\/uploads\/2023\/02\/an-img-03.png\"><\/div>\r\n    <div class=\"animations-02\"><img decoding=\"async\" src=\"https:\/\/wpdemo.zcubethemes.com\/qeducato\/wp-content\/uploads\/2023\/03\/an-img-04.png\" alt=\"https:\/\/wpdemo.zcubethemes.com\/qeducato\/wp-content\/uploads\/2023\/03\/an-img-04.png\"><\/div>\r\n    <div class=\"container\">\r\n        <div class=\"row\">\r\n            <div class=\"col-lg-12\">\r\n                <div class=\"section-title text-center mb-50 wow fadeInDown animated\" data-animation=\"fadeInDown\" data-delay=\".4s\">\r\n                    <h5><i class=\"fal fa-graduation-cap\"><\/i> Testimoniales<\/h5>\r\n                    <h2>\r\n                        Ellos conf\u00edan en nosotros                    <\/h2>\r\n\r\n                <\/div>\r\n\r\n            <\/div>\r\n\r\n            <div class=\"col-lg-12\">\r\n                <div class=\"testimonial-active wow fadeInUp animated\" data-animation=\"fadeInUp\" data-delay=\".4s\">\r\n                                                            <div class=\"single-testimonial text-center\">\r\n                         <div class=\"qt-img\">\r\n                        <img decoding=\"async\" src=\"https:\/\/wpdemo.zcubethemes.com\/qeducato\/wp-content\/uploads\/2023\/03\/qt-icon.png\" alt=\"https:\/\/wpdemo.zcubethemes.com\/qeducato\/wp-content\/uploads\/2023\/03\/qt-icon.png\">\r\n                        <\/div>\r\n                         <p>Yo estudi\u00e9 en el Instituto Cambridge y estoy orgulloso que mis hijos est\u00e9n ahora estudiando ah\u00ed.<\/p>                 \r\n                        <div class=\"testi-author\">\r\n                            <img decoding=\"async\" src=\"\" alt=\"\">\r\n                        <\/div>\r\n                        <div class=\"ta-info\">\r\n                               <h6>Pedro<\/h6>\r\n                                <span>Padre<\/span>\r\n                            <\/div>                                    \r\n                    <\/div>\r\n                                        <div class=\"single-testimonial text-center\">\r\n                         <div class=\"qt-img\">\r\n                        <img decoding=\"async\" src=\"https:\/\/wpdemo.zcubethemes.com\/qeducato\/wp-content\/uploads\/2023\/03\/qt-icon.png\" alt=\"https:\/\/wpdemo.zcubethemes.com\/qeducato\/wp-content\/uploads\/2023\/03\/qt-icon.png\">\r\n                        <\/div>\r\n                         <p>Recomiendo al Instituto Cambridge, me form\u00f3 con valores y me hizo sentir parte de una gran familia, estoy agradecida con la escuela.<\/p>                 \r\n                        <div class=\"testi-author\">\r\n                            <img decoding=\"async\" src=\"\" alt=\"\">\r\n                        <\/div>\r\n                        <div class=\"ta-info\">\r\n                               <h6>Lic. Gabriela Flores<\/h6>\r\n                                <span>Egresada<\/span>\r\n                            <\/div>                                    \r\n                    <\/div>\r\n                                        <div class=\"single-testimonial text-center\">\r\n                         <div class=\"qt-img\">\r\n                        <img decoding=\"async\" src=\"https:\/\/wpdemo.zcubethemes.com\/qeducato\/wp-content\/uploads\/2023\/03\/qt-icon.png\" alt=\"https:\/\/wpdemo.zcubethemes.com\/qeducato\/wp-content\/uploads\/2023\/03\/qt-icon.png\">\r\n                        <\/div>\r\n                         <p>Me divierto mucho con mis compa\u00f1eros de clase y me encanta el TaekwonDo, el ambiente es muy agradable.<\/p>                 \r\n                        <div class=\"testi-author\">\r\n                            <img decoding=\"async\" src=\"\" alt=\"\">\r\n                        <\/div>\r\n                        <div class=\"ta-info\">\r\n                               <h6>Jorge<\/h6>\r\n                                <span>Estudiante<\/span>\r\n                            <\/div>                                    \r\n                    <\/div>\r\n                                        <div class=\"single-testimonial text-center\">\r\n                         <div class=\"qt-img\">\r\n                        <img decoding=\"async\" src=\"https:\/\/wpdemo.zcubethemes.com\/qeducato\/wp-content\/uploads\/2023\/03\/qt-icon.png\" alt=\"https:\/\/wpdemo.zcubethemes.com\/qeducato\/wp-content\/uploads\/2023\/03\/qt-icon.png\">\r\n                        <\/div>\r\n                         <p>Me gusta mucho la manera de trabajar de los maestros y he notado un gran avance acad\u00e9mico en mi hijo.<\/p>                 \r\n                        <div class=\"testi-author\">\r\n                            <img decoding=\"async\" src=\"\" alt=\"\">\r\n                        <\/div>\r\n                        <div class=\"ta-info\">\r\n                               <h6>Lupita<\/h6>\r\n                                <span>Madre<\/span>\r\n                            <\/div>                                    \r\n                    <\/div>\r\n                      \r\n\r\n                <\/div>\r\n            <\/div>\r\n        <\/div>\r\n    <\/div>\r\n<\/section>\r\n<!-- testimonial-area-end -->\t\t\t\t<\/div>\n\t\t\t\t<\/div>\n\t\t\t\t\t<\/div>\n\t\t<\/div>\n\t\t\t\t\t<\/div>\n\t\t<\/section>\n\t\t\t\t<\/div>\n\t\t","protected":false},"excerpt":{"rendered":"","protected":false},"author":1,"featured_media":0,"parent":0,"menu_order":0,"comment_status":"closed","ping_status":"closed","template":"home-page.php","meta":{"_monsterinsights_skip_tracking":false,"_monsterinsights_sitenote_active":false,"_monsterinsights_sitenote_note":"","_monsterinsights_sitenote_category":0,"_joinchat":[],"footnotes":""},"class_list":["post-2960","page","type-page","status-publish","hentry"],"aioseo_notices":[],"_links":{"self":[{"href":"https:\/\/cambridge.edu.mx\/index.php\/wp-json\/wp\/v2\/pages\/2960","targetHints":{"allow":["GET"]}}],"collection":[{"href":"https:\/\/cambridge.edu.mx\/index.php\/wp-json\/wp\/v2\/pages"}],"about":[{"href":"https:\/\/cambridge.edu.mx\/index.php\/wp-json\/wp\/v2\/types\/page"}],"author":[{"embeddable":true,"href":"https:\/\/cambridge.edu.mx\/index.php\/wp-json\/wp\/v2\/users\/1"}],"replies":[{"embeddable":true,"href":"https:\/\/cambridge.edu.mx\/index.php\/wp-json\/wp\/v2\/comments?post=2960"}],"version-history":[{"count":16,"href":"https:\/\/cambridge.edu.mx\/index.php\/wp-json\/wp\/v2\/pages\/2960\/revisions"}],"predecessor-version":[{"id":3526,"href":"https:\/\/cambridge.edu.mx\/index.php\/wp-json\/wp\/v2\/pages\/2960\/revisions\/3526"}],"wp:attachment":[{"href":"https:\/\/cambridge.edu.mx\/index.php\/wp-json\/wp\/v2\/media?parent=2960"}],"curies":[{"name":"wp","href":"https:\/\/api.w.org\/{rel}","templated":true}]}}