{"id":2887,"date":"2023-02-28T15:50:56","date_gmt":"2023-02-28T15:50:56","guid":{"rendered":"http:\/\/localhost\/qeducato\/?page_id=3"},"modified":"2024-06-17T02:41:31","modified_gmt":"2024-06-17T02:41:31","slug":"privacy-policy","status":"publish","type":"page","link":"https:\/\/cambridge.edu.mx\/index.php\/privacy-policy\/","title":{"rendered":"Aviso de privacidad"},"content":{"rendered":"\t\t<div data-elementor-type=\"wp-page\" data-elementor-id=\"2887\" class=\"elementor elementor-2887\">\n\t\t\t\t<div class=\"elementor-element elementor-element-28e14ade e-flex e-con-boxed e-con e-parent\" data-id=\"28e14ade\" data-element_type=\"container\">\n\t\t\t\t\t<div class=\"e-con-inner\">\n\t\t\t\t<div class=\"elementor-element elementor-element-7ed103c5 elementor-widget elementor-widget-text-editor\" data-id=\"7ed103c5\" data-element_type=\"widget\" data-widget_type=\"text-editor.default\">\n\t\t\t\t<div class=\"elementor-widget-container\">\n\t\t\t\t\t\t\t\t\t\n<h2 class=\"wp-block-heading\">Aviso de privacidad<\/h2>\n\n<p>De conformidad en lo previsto por los art\u00edculos 6o., apartado A, fracci\u00f3n II, 16, p\u00e1rrafo segundo de la Constituci\u00f3n Pol\u00edtica de los Estados Unidos Mexicanos; 16 de la Ley Federal de Protecci\u00f3n de Datos Personales en Posesi\u00f3n de los Particulares, solicitamos leer cuidadosamente el presente Aviso de Privacidad, mismo que menciona los datos, finalidades, tratamiento, plazos y procedimientos a seguir en caso que considere limitar el uso de sus Datos Personales (nombre, direcci\u00f3n, tel\u00e9fono, correo electr\u00f3nico y cualquier informaci\u00f3n concerniente a una persona f\u00edsica identificada o identificable) y\/o Datos Sensibles (se consideran sensibles, aquellos que puedan revelar aspectos como origen racial o \u00e9tnico, estado de salud presente y futuro, informaci\u00f3n gen\u00e9tica, creencias religiosas, filos\u00f3ficas y morales, afiliaci\u00f3n sindical, opiniones pol\u00edticas, preferencia sexual).<\/p>\n<p><strong>I. IDENTIDAD Y DOMICILIO DEL RESPONSABLE QUE RECABA.<\/strong><\/p>\n<p>El \u201cINSTITUTO CAMBRIDGE DE QUER\u00c9TARO, A. C.\u201d, con domicilio en calle 16 de septiembre, n\u00famero (106) ciento seis, Zona Centro, C\u00f3digo Postal 76000, en Santiago de Quer\u00e9taro, Quer\u00e9taro, es el responsable del tratamiento de los datos personales que nos proporcione; en cumplimiento de la Ley Federal de Protecci\u00f3n de Datos Personales en Posesi\u00f3n de los Particulares (en adelante \u201cLa Ley\u201d), el Reglamento, as\u00ed como de los Lineamientos del Aviso de Privacidad (en adelante \u201cLineamientos\u201d), el responsable est\u00e1 obligado de proteger y salvaguardar la informaci\u00f3n de clientes, proveedores o cualquier otro Dato Personal y\/o Dato Sensible que pueda proporcionar.<\/p>\n<p>Usted podr\u00e1 contactar a nuestro departamento de \u201cProtecci\u00f3n de Datos\u201d trav\u00e9s de la siguiente cuenta de correo electr\u00f3nico: informacion@cambridge.edu.mx, de lunes a viernes en un horario de 09:00 a 17:00 horas en d\u00edas h\u00e1biles.<\/p>\n<p><strong>II. FINALIDADES DEL TRATAMIENTO DE DATOS PERSONALES.<\/strong><\/p>\n<p>El Tratamiento de sus datos personales ser\u00e1 para cualquiera de las siguientes finalidades: (i) identificar y procesar su registro para fines administrativos, docentes y acad\u00e9micos (ii) Contar con informaci\u00f3n para el desarrollo de la vida acad\u00e9mica; (iii) informaci\u00f3n contable de sus cargos y pagos por servicios; (iv) evaluaci\u00f3n de la pr\u00e1ctica docente; (v) encuestas de calidad; (vi); identificarle, ubicarle, comunicarle, contactarle, enviarle informaci\u00f3n, as\u00ed como su transmisi\u00f3n a terceros por cualquier medio que permita la ley y, que en su caso brinde su consentimiento; (vii) avisos para el adecuado desarrollo de los procesos administrativos y acad\u00e9micos del \u201cINSTITUTO CAMBRIDGE DE QUER\u00c9TARO, A. C.\u201d.<\/p>\n<p>El Tratamiento de los datos personales ser\u00e1 conforme a este Aviso y ser\u00e1 realizado exclusivamente por el personal de \u201cINSTITUTO CAMBRIDGE DE QUER\u00c9TARO, A. C.\u201d. que, por virtud de las funciones que desempe\u00f1a dentro de la organizaci\u00f3n, requiera tener acceso a los datos personales para dar cumplimiento a las finalidades establecidas en el presente Aviso. \u201cINSTITUTO CAMBRIDGE DE QUER\u00c9TARO, A. C.\u201d. no tiene la intenci\u00f3n de comercializar en forma alguna con sus datos personales.<\/p>\n<p><strong>III. MEDIOS PARA LIMITAR EL USO O DIVULGACI\u00d3N DE LOS DATOS.<\/strong><\/p>\n<p>Una vez que usted entregue a \u00e9l Responsable sus Datos Personales y\/o Datos Sensibles, ser\u00e1n conservados en diferentes medios seguros que la tecnolog\u00eda permita. El Responsable contar\u00e1 con las medidas de seguridad que considere adecuadas para proteger el uso de sus Datos Personales y\/o Datos Sensibles por parte de terceros no autorizados. En caso de requerimiento de alguna autoridad, los datos Personales y\/o Datos Sensibles podr\u00e1n ponerse a disposici\u00f3n de \u00e9stas, dentro del estricto cumplimiento a la Ley.<\/p>\n<p>Consciente de que la protecci\u00f3n de la privacidad y confidencialidad de los datos personales es primordial, \u201cINSTITUTO CAMBRIDGE DE QUER\u00c9TARO, A. C.\u201d mantiene estrictos niveles de seguridad que restringen el Tratamiento de los datos personales exclusivamente para las finalidades para los cuales fueron obtenidos, as\u00ed como para protegerlos de la consulta, modificaci\u00f3n, p\u00e9rdida, copia, uso, acceso, robo, alteraci\u00f3n, divulgaci\u00f3n, da\u00f1o, destrucci\u00f3n y cualquier Tratamiento que se aparte de lo autorizado en el presente Aviso. El responsable de los datos un esfuerzo continuo para implementar y aplicar nuevas medidas de seguridad a sus bases de datos, tanto electr\u00f3nicas como f\u00edsicas.<\/p>\n<p>Sus datos personales ser\u00e1n tratados \u00fanicamente por el tiempo necesario a fin de cumplir con las finalidades previstas en este AVISO DE PRIVACIDAD y\/o de conformidad con lo dispuesto en la legislaci\u00f3n en materia de protecci\u00f3n de datos personales, desde luego, Usted podr\u00e1 oponerse en cualquier momento que lo considere oportuno.<\/p>\n<p><strong>IV. MEDIOS Y PROCEDIMIENTO PARA EL EJERCICIO DE LOS DERECHOS ARCO.<\/strong><\/p>\n<p>Para el ejercicio de sus derechos ARCO (Acceso, Rectificaci\u00f3n, Cancelaci\u00f3n y Oposici\u00f3n), Usted tendr\u00e1 en todo momento el acceso a sus Datos Personales y\/o Datos Sensibles. En caso de que desee ejercer cualquiera de los derechos antes mencionados, usted deber\u00e1 enviar solicitud por escrito al correo electr\u00f3nico designado por \u201cINSTITUTO CAMBRIDGE DE QUER\u00c9TARO, A. C.\u201d, que es informacion@cambridge.edu.mx o presentar documento por escrito dirigi\u00f3 al responsable en el domicilio ubicado en calle 16 de septiembre, n\u00famero (106) ciento seis, Zona Centro, C\u00f3digo Postal 76000, en Santiago de Quer\u00e9taro, Quer\u00e9taro.<\/p>\n<p>La solicitud de acceso, rectificaci\u00f3n, cancelaci\u00f3n oposici\u00f3n, limitaci\u00f3n de uso o la revocaci\u00f3n del consentimiento, deber\u00e1 contener y acompa\u00f1ar lo siguiente:<\/p>\n<p>1. El nombre del Titular y domicilio u otro medio para comunicarle la respuesta a su solicitud.<\/p>\n<p>2. Los documentos que acrediten su identidad o, en su caso, la representaci\u00f3n legal del Titular.<\/p>\n<p>3. La descripci\u00f3n clara y precisa de los datos personales y\/o sensibles respecto de los que se busca ejercer alguno de los derechos antes mencionados<\/p>\n<p>4. Cualquier otro elemento o documento que facilite la localizaci\u00f3n de los datos personales.<\/p>\n<p>5. Para el caso de las solicitudes de rectificaci\u00f3n el Titular deber\u00e1 indicar las modificaciones a realizarse y aportar la documentaci\u00f3n que sustente su petici\u00f3n.<\/p>\n<p>Una vez recibida su solicitud, tendremos (6) seis d\u00edas h\u00e1biles contados a partir de la fecha de su recepci\u00f3n para notificarle la determinaci\u00f3n adoptada, la cual en caso de ser procedente, se har\u00e1 efectiva dentro de los (3) tres d\u00edas h\u00e1biles siguientes a la fecha en que se notific\u00f3 la respuesta. Hacemos de su conocimiento que en caso que la solicitud sea insuficiente o err\u00f3nea, el plazo se\u00f1alado en el p\u00e1rrafo anterior ser\u00e1 interrumpido, contando con un plazo de (3) d\u00edas h\u00e1biles a partir de la fecha de recepci\u00f3n de la solicitud para hacer de su conocimiento el requerimiento que complemente o subsane el error, usted contar\u00e1 con un plazo de (6) seis h\u00e1biles para atender dicho requerimiento, el cual en caso de ser atendido continuara con el procedimiento, de no hacerlo la solicitud se tendr\u00e1 por no presentada.<\/p>\n<p>En todo momento usted podr\u00e1 limitar el consentimiento para el tratamiento de sus Datos Personales para las finalidades secundarias a trav\u00e9s de mecanismos distintos al ejercicio de los Derechos ARCO. Para las finalidades de mercadotecnia y publicidad puede manifestar su negativa enviando un correo electr\u00f3nico a la siguiente direcci\u00f3n electr\u00f3nica: informacion@cambridge.edu.mx, haciendo menci\u00f3n las limitantes.<\/p>\n<p><strong>V. TRANSFERENCIAS DE DATOS.<\/strong><\/p>\n<p>El Tratamiento incluye la posibilidad de divulgar o transferir los datos personales a cualquier tercero nacional o extranjero con el cual \u201cINSTITUTO CAMBRIDGE DE QUER\u00c9TARO, A. C.\u201d tenga una relaci\u00f3n contractual, comercial o de negocios, siempre que dicha divulgaci\u00f3n o transferencia sea requerida exclusivamente para cumplir con las finalidades a que se refieren en el apartado denominado \u201cFinalidades del Tratamiento de Datos Personales\u201d. Dichas transferencias no requieren de su consentimiento en t\u00e9rminos del Art\u00edculo 37 de la Ley. Los terceros tienen, o tendr\u00e1n, al momento de recibir los datos personales, conocimiento de los t\u00e9rminos y condiciones del presente Aviso y, por ende, ser\u00e1n sometidos al mismo de conformidad con lo establecido en el Art\u00edculo 36 de la Ley.<\/p>\n<p>En el caso de que el responsable requiera usar sus Datos Personales y\/o Datos Sensibles con fines diferentes a los se\u00f1alados en el presente Aviso de Privacidad, lo har\u00e1 de su conocimiento ya sea en forma escrita, telef\u00f3nica, electr\u00f3nica, o por cualquier medio \u00f3ptico, sonoro, visual u otro que la tecnolog\u00eda permita ahora o en lo futuro y le explicar\u00e1 los nuevos usos que pretenda darle a dicha informaci\u00f3n. De darse el caso, usted tendr\u00e1 derecho a oponerse a ello, debiendo seguir el procedimiento mencionado anteriormente. Trat\u00e1ndose de Datos Sensibles, usted deber\u00e1 proporcionar al responsable su consentimiento expreso y por escrito para su tratamiento, a trav\u00e9s de su firma aut\u00f3grafa, firma electr\u00f3nica, o cualquier mecanismo de autenticaci\u00f3n que al efecto se establezca.<\/p>\n<p><strong>VI. CONSENTIMIENTO DEL TITULAR.<\/strong><\/p>\n<p>La decisi\u00f3n de entregar sus datos personales constituye en s\u00ed misma un signo inequ\u00edvoco del consentimiento que usted otorga para el Tratamiento y, en su caso, transferencia a terceros de sus datos personales conforme a lo dispuesto en el presente Aviso. Habi\u00e9ndose puesto a su disposici\u00f3n este Aviso de Privacidad en su car\u00e1cter de Titular de la informaci\u00f3n otorgada, ya sea personalmente o de otros medios, y no habiendo manifestado inmediatamente oposici\u00f3n alguna, se entender\u00e1 que ha consentido t\u00e1citamente el tratamiento de sus datos. Si usted proporciona sus datos verbalmente, por escrito, por medios electr\u00f3nicos, \u00f3pticos o por cualquier otra tecnolog\u00eda, o signos inequ\u00edvocos, se entender\u00e1 que ha otorgado su consentimiento expreso.<\/p>\n<p><strong>VII. PROCEDIMIENTOS Y MEDIOS A LOS CAMBIOS EL AVISO DE PRIVACIDAD.<\/strong><\/p>\n<p>El responsable se reserva el derecho de efectuar en cualquier momento modificaciones o actualizaciones al presente Aviso de Privacidad atendiendo novedades legislativas, pol\u00edticas internas o nuevos requerimientos para la prestaci\u00f3n u ofrecimiento de nuestros servicios. Estas modificaciones estar\u00e1n disponibles al p\u00fablico a trav\u00e9s de la p\u00e1gina de Internet en la secci\u00f3n aviso de privacidad y se las estaremos haciendo llegar al \u00faltimo correo electr\u00f3nico que nos haya proporcionado.<\/p>\n<p><strong>VIII. TRATAMIENTO INDEBIDO DE SUS DATOS PERSONALES.<\/strong><\/p>\n<p>Si usted considera que su derecho de protecci\u00f3n de Datos Personales y\/o Datos Sensibles ha sido lesionado por alguna por alguna conducta u omisi\u00f3n por parte del Responsable, presume que en el tratamiento de sus Datos Personales existe alguna violaci\u00f3n a las disposiciones previstas en la Ley Federal de Protecci\u00f3n de Datos Personales en Posesi\u00f3n de los Particulares, podr\u00e1 interponer la queja o denuncia correspondiente ante el Instituto Federal de Acceso a la Informaci\u00f3n, para mayor informaci\u00f3n visite www.inai.org.mx\/<\/p>\n<p><strong>IX. CAMBIOS AL PRESENTE AVISO DE PRIVACIDAD.<\/strong><\/p>\n<p>El presente aviso est\u00e1 sujeto a cambios y modificaciones como consecuencia de las actualizaciones y reformas en el marco jur\u00eddico. En todo caso, cualquier modificaci\u00f3n al mismo se har\u00e1 de su conocimiento mediante el env\u00edo de un correo electr\u00f3nico a la cuenta de correo electr\u00f3nico que usted nos proporcion\u00f3 al responsable inicialmente para hacer de su conocimiento el presente Aviso de Privacidad. El responsable no ser\u00e1 responsable en el caso de que usted no reciba la referida de notificaci\u00f3n de cambio del Aviso de Privacidad por causa de alg\u00fan problema en su cuenta de correo electr\u00f3nico.<\/p>\n\t\t\t\t\t\t\t\t<\/div>\n\t\t\t\t<\/div>\n\t\t\t\t\t<\/div>\n\t\t\t\t<\/div>\n\t\t\t\t<\/div>\n\t\t","protected":false},"excerpt":{"rendered":"<p>Aviso de privacidad De conformidad en lo previsto por los art\u00edculos 6o., apartado A, fracci\u00f3n II, 16, p\u00e1rrafo segundo de la Constituci\u00f3n Pol\u00edtica de los Estados Unidos Mexicanos; 16 de la Ley Federal de Protecci\u00f3n de Datos Personales en Posesi\u00f3n de los Particulares, solicitamos leer cuidadosamente el presente Aviso de Privacidad, mismo que menciona los [&hellip;]<\/p>\n","protected":false},"author":1,"featured_media":0,"parent":0,"menu_order":0,"comment_status":"closed","ping_status":"open","template":"","meta":{"_monsterinsights_skip_tracking":false,"_monsterinsights_sitenote_active":false,"_monsterinsights_sitenote_note":"","_monsterinsights_sitenote_category":0,"_joinchat":[],"footnotes":""},"class_list":["post-2887","page","type-page","status-publish","hentry"],"aioseo_notices":[],"_links":{"self":[{"href":"https:\/\/cambridge.edu.mx\/index.php\/wp-json\/wp\/v2\/pages\/2887","targetHints":{"allow":["GET"]}}],"collection":[{"href":"https:\/\/cambridge.edu.mx\/index.php\/wp-json\/wp\/v2\/pages"}],"about":[{"href":"https:\/\/cambridge.edu.mx\/index.php\/wp-json\/wp\/v2\/types\/page"}],"author":[{"embeddable":true,"href":"https:\/\/cambridge.edu.mx\/index.php\/wp-json\/wp\/v2\/users\/1"}],"replies":[{"embeddable":true,"href":"https:\/\/cambridge.edu.mx\/index.php\/wp-json\/wp\/v2\/comments?post=2887"}],"version-history":[{"count":4,"href":"https:\/\/cambridge.edu.mx\/index.php\/wp-json\/wp\/v2\/pages\/2887\/revisions"}],"predecessor-version":[{"id":3121,"href":"https:\/\/cambridge.edu.mx\/index.php\/wp-json\/wp\/v2\/pages\/2887\/revisions\/3121"}],"wp:attachment":[{"href":"https:\/\/cambridge.edu.mx\/index.php\/wp-json\/wp\/v2\/media?parent=2887"}],"curies":[{"name":"wp","href":"https:\/\/api.w.org\/{rel}","templated":true}]}}